{"id":20,"date":"2016-12-09T13:43:09","date_gmt":"2016-12-09T11:43:09","guid":{"rendered":"http:\/\/www.hannakaisahartala.fi\/?page_id=20"},"modified":"2025-05-29T19:20:34","modified_gmt":"2025-05-29T16:20:34","slug":"portfolio","status":"publish","type":"page","link":"https:\/\/www.hannakaisahartala.fi\/?page_id=20","title":{"rendered":"Portfolio"},"content":{"rendered":"<p>Olen kirjoittanut niin kauan kuin muistan, joten sanojen ja ajatusten py\u00f6rittelyst\u00e4 on tullut merkitt\u00e4v\u00e4 osa identiteetti\u00e4ni. Nautin kielell\u00e4 leikittelyst\u00e4 sek\u00e4 tarinoinnista, mutta pid\u00e4n my\u00f6s asiatekstien tuottamisesta ja muokkaamisesta. Kielen moninaisuus ja rikkaus ilahduttavat.<\/p>\n<p>T\u00e4ss\u00e4 portfoliossa on n\u00e4ytteit\u00e4 erilaisista teksteist\u00e4ni. Suokaa anteeksi pilkkuvirheet, joita tiedostoihin on j\u00e4\u00e4nyt. Korjaan niit\u00e4 sit\u00e4 mukaa kuin l\u00f6yd\u00e4n alkuper\u00e4isi\u00e4, muokattavia tekstiversioita. Sit\u00e4 ennen joudun sied\u00e4tt\u00e4m\u00e4\u00e4n itse\u00e4ni h\u00e4pe\u00e4\u00e4n, mik\u00e4 on kyll\u00e4 ihan terveellist\u00e4.<\/p>\n","protected":false},"excerpt":{"rendered":"<p>Olen kirjoittanut niin kauan kuin muistan, joten sanojen ja ajatusten py\u00f6rittelyst\u00e4 on tullut merkitt\u00e4v\u00e4 osa identiteetti\u00e4ni. Nautin kielell\u00e4 leikittelyst\u00e4 sek\u00e4 tarinoinnista, mutta pid\u00e4n my\u00f6s asiatekstien tuottamisesta ja muokkaamisesta. Kielen moninaisuus ja rikkaus ilahduttavat. T\u00e4ss\u00e4 portfoliossa on n\u00e4ytteit\u00e4 erilaisista teksteist\u00e4ni. Suokaa anteeksi pilkkuvirheet, joita tiedostoihin on j\u00e4\u00e4nyt. Korjaan niit\u00e4 sit\u00e4 mukaa kuin l\u00f6yd\u00e4n alkuper\u00e4isi\u00e4, muokattavia tekstiversioita. [&hellip;]<\/p>\n","protected":false},"author":1,"featured_media":0,"parent":0,"menu_order":0,"comment_status":"closed","ping_status":"closed","template":"","meta":{"footnotes":""},"class_list":["post-20","page","type-page","status-publish","hentry"],"_links":{"self":[{"href":"https:\/\/www.hannakaisahartala.fi\/index.php?rest_route=\/wp\/v2\/pages\/20","targetHints":{"allow":["GET"]}}],"collection":[{"href":"https:\/\/www.hannakaisahartala.fi\/index.php?rest_route=\/wp\/v2\/pages"}],"about":[{"href":"https:\/\/www.hannakaisahartala.fi\/index.php?rest_route=\/wp\/v2\/types\/page"}],"author":[{"embeddable":true,"href":"https:\/\/www.hannakaisahartala.fi\/index.php?rest_route=\/wp\/v2\/users\/1"}],"replies":[{"embeddable":true,"href":"https:\/\/www.hannakaisahartala.fi\/index.php?rest_route=%2Fwp%2Fv2%2Fcomments&post=20"}],"version-history":[{"count":4,"href":"https:\/\/www.hannakaisahartala.fi\/index.php?rest_route=\/wp\/v2\/pages\/20\/revisions"}],"predecessor-version":[{"id":1302,"href":"https:\/\/www.hannakaisahartala.fi\/index.php?rest_route=\/wp\/v2\/pages\/20\/revisions\/1302"}],"wp:attachment":[{"href":"https:\/\/www.hannakaisahartala.fi\/index.php?rest_route=%2Fwp%2Fv2%2Fmedia&parent=20"}],"curies":[{"name":"wp","href":"https:\/\/api.w.org\/{rel}","templated":true}]}}