{"id":81,"date":"2016-12-09T17:25:18","date_gmt":"2016-12-09T15:25:18","guid":{"rendered":"http:\/\/www.hannakaisahartala.fi\/?page_id=81"},"modified":"2026-01-18T18:12:00","modified_gmt":"2026-01-18T16:12:00","slug":"arki","status":"publish","type":"page","link":"http:\/\/www.hannakaisahartala.fi\/?page_id=81","title":{"rendered":"Arki"},"content":{"rendered":"\n<p><br>Pieni suuri maailmani asettuu jonnekin Helsingin ja Tampereen v\u00e4lille. Kun on monta rakasta paikkaa, t\u00e4ytyy aina v\u00e4h\u00e4n ik\u00e4v\u00f6id\u00e4. Joka tapauksessa arkeeni kuuluu rosoista kauneutta, polkuja uteliaille jaloille, kirkkoja, kirjoja, kahviloita, museoita &#8211; ja tietysti kissan kehr\u00e4yst\u00e4 ja nenuttelua. Kaipaan asettumista, mutta osa siit\u00e4 lienee ikuista koti-ik\u00e4v\u00e4\u00e4. <\/p>\n\n\n\n<figure class=\"wp-block-image size-large\"><img loading=\"lazy\" decoding=\"async\" width=\"1024\" height=\"768\" src=\"http:\/\/www.hannakaisahartala.fi\/wp-content\/uploads\/2020\/03\/el\u00e4\u00e4-1024x768.jpg\" alt=\"\" class=\"wp-image-826\" srcset=\"http:\/\/www.hannakaisahartala.fi\/wp-content\/uploads\/2020\/03\/el\u00e4\u00e4-1024x768.jpg 1024w, http:\/\/www.hannakaisahartala.fi\/wp-content\/uploads\/2020\/03\/el\u00e4\u00e4-300x225.jpg 300w, http:\/\/www.hannakaisahartala.fi\/wp-content\/uploads\/2020\/03\/el\u00e4\u00e4-768x576.jpg 768w, http:\/\/www.hannakaisahartala.fi\/wp-content\/uploads\/2020\/03\/el\u00e4\u00e4-293x220.jpg 293w, http:\/\/www.hannakaisahartala.fi\/wp-content\/uploads\/2020\/03\/el\u00e4\u00e4.jpg 1252w\" sizes=\"auto, (max-width: 1024px) 100vw, 1024px\" \/><\/figure>\n","protected":false},"excerpt":{"rendered":"<p>Pieni suuri maailmani asettuu jonnekin Helsingin ja Tampereen v\u00e4lille. Kun on monta rakasta paikkaa, t\u00e4ytyy aina v\u00e4h\u00e4n ik\u00e4v\u00f6id\u00e4. Joka tapauksessa arkeeni kuuluu rosoista kauneutta, polkuja uteliaille jaloille, kirkkoja, kirjoja, kahviloita, museoita &#8211; ja tietysti kissan kehr\u00e4yst\u00e4 ja nenuttelua. Kaipaan asettumista, mutta osa siit\u00e4 lienee ikuista koti-ik\u00e4v\u00e4\u00e4.<\/p>\n","protected":false},"author":1,"featured_media":847,"parent":71,"menu_order":0,"comment_status":"closed","ping_status":"closed","template":"page-templates\/full-width-page.php","meta":{"footnotes":""},"class_list":["post-81","page","type-page","status-publish","has-post-thumbnail","hentry"],"_links":{"self":[{"href":"http:\/\/www.hannakaisahartala.fi\/index.php?rest_route=\/wp\/v2\/pages\/81","targetHints":{"allow":["GET"]}}],"collection":[{"href":"http:\/\/www.hannakaisahartala.fi\/index.php?rest_route=\/wp\/v2\/pages"}],"about":[{"href":"http:\/\/www.hannakaisahartala.fi\/index.php?rest_route=\/wp\/v2\/types\/page"}],"author":[{"embeddable":true,"href":"http:\/\/www.hannakaisahartala.fi\/index.php?rest_route=\/wp\/v2\/users\/1"}],"replies":[{"embeddable":true,"href":"http:\/\/www.hannakaisahartala.fi\/index.php?rest_route=%2Fwp%2Fv2%2Fcomments&post=81"}],"version-history":[{"count":56,"href":"http:\/\/www.hannakaisahartala.fi\/index.php?rest_route=\/wp\/v2\/pages\/81\/revisions"}],"predecessor-version":[{"id":2141,"href":"http:\/\/www.hannakaisahartala.fi\/index.php?rest_route=\/wp\/v2\/pages\/81\/revisions\/2141"}],"up":[{"embeddable":true,"href":"http:\/\/www.hannakaisahartala.fi\/index.php?rest_route=\/wp\/v2\/pages\/71"}],"wp:featuredmedia":[{"embeddable":true,"href":"http:\/\/www.hannakaisahartala.fi\/index.php?rest_route=\/wp\/v2\/media\/847"}],"wp:attachment":[{"href":"http:\/\/www.hannakaisahartala.fi\/index.php?rest_route=%2Fwp%2Fv2%2Fmedia&parent=81"}],"curies":[{"name":"wp","href":"https:\/\/api.w.org\/{rel}","templated":true}]}}