{"id":25,"date":"2016-12-09T13:48:22","date_gmt":"2016-12-09T11:48:22","guid":{"rendered":"http:\/\/www.hannakaisahartala.fi\/?page_id=25"},"modified":"2023-08-30T11:07:51","modified_gmt":"2023-08-30T08:07:51","slug":"kolumnit","status":"publish","type":"page","link":"http:\/\/www.hannakaisahartala.fi\/?page_id=25","title":{"rendered":"Kolumnit"},"content":{"rendered":"<p>Kolumni Roihuvuoren seurakunnan Kiikari-lehteen kes\u00e4lt\u00e4 2013<br \/>\n<a href=\"http:\/\/www.hannakaisahartala.fi\/wp-content\/uploads\/2016\/12\/Kes\u00e4n-merkit.pdf\">Kes\u00e4n merkit<\/a><\/p>\n<p>Kolumni Sley:n Sanansaattaja-lehteen elokuussa 2022<br \/>\n<a href=\"http:\/\/www.hannakaisahartala.fi\/wp-content\/uploads\/2023\/01\/Sanis-elokuu-22.pdf\">Hymyilev\u00e4 armeija<\/a><\/p>\n<p>Kolumni Sley:n Sanansaattaja-lehteen p\u00e4\u00e4si\u00e4isen\u00e4 2023<br \/>\n<a href=\"http:\/\/www.hannakaisahartala.fi\/wp-content\/uploads\/2023\/08\/Kokonaisen-ihmisen-usko.pdf\">Kokonaisen ihmisen usko<\/a><\/p>\n","protected":false},"excerpt":{"rendered":"<p>Kolumni Roihuvuoren seurakunnan Kiikari-lehteen kes\u00e4lt\u00e4 2013 Kes\u00e4n merkit Kolumni Sley:n Sanansaattaja-lehteen elokuussa 2022 Hymyilev\u00e4 armeija Kolumni Sley:n Sanansaattaja-lehteen p\u00e4\u00e4si\u00e4isen\u00e4 2023 Kokonaisen ihmisen usko<\/p>\n","protected":false},"author":1,"featured_media":318,"parent":20,"menu_order":0,"comment_status":"closed","ping_status":"closed","template":"","meta":{"footnotes":""},"class_list":["post-25","page","type-page","status-publish","has-post-thumbnail","hentry"],"_links":{"self":[{"href":"http:\/\/www.hannakaisahartala.fi\/index.php?rest_route=\/wp\/v2\/pages\/25","targetHints":{"allow":["GET"]}}],"collection":[{"href":"http:\/\/www.hannakaisahartala.fi\/index.php?rest_route=\/wp\/v2\/pages"}],"about":[{"href":"http:\/\/www.hannakaisahartala.fi\/index.php?rest_route=\/wp\/v2\/types\/page"}],"author":[{"embeddable":true,"href":"http:\/\/www.hannakaisahartala.fi\/index.php?rest_route=\/wp\/v2\/users\/1"}],"replies":[{"embeddable":true,"href":"http:\/\/www.hannakaisahartala.fi\/index.php?rest_route=%2Fwp%2Fv2%2Fcomments&post=25"}],"version-history":[{"count":11,"href":"http:\/\/www.hannakaisahartala.fi\/index.php?rest_route=\/wp\/v2\/pages\/25\/revisions"}],"predecessor-version":[{"id":1397,"href":"http:\/\/www.hannakaisahartala.fi\/index.php?rest_route=\/wp\/v2\/pages\/25\/revisions\/1397"}],"up":[{"embeddable":true,"href":"http:\/\/www.hannakaisahartala.fi\/index.php?rest_route=\/wp\/v2\/pages\/20"}],"wp:featuredmedia":[{"embeddable":true,"href":"http:\/\/www.hannakaisahartala.fi\/index.php?rest_route=\/wp\/v2\/media\/318"}],"wp:attachment":[{"href":"http:\/\/www.hannakaisahartala.fi\/index.php?rest_route=%2Fwp%2Fv2%2Fmedia&parent=25"}],"curies":[{"name":"wp","href":"https:\/\/api.w.org\/{rel}","templated":true}]}}