{"id":1877,"date":"2025-01-13T16:25:59","date_gmt":"2025-01-13T14:25:59","guid":{"rendered":"https:\/\/www.hannakaisahartala.fi\/?page_id=1877"},"modified":"2026-04-21T17:40:38","modified_gmt":"2026-04-21T14:40:38","slug":"tilaa","status":"publish","type":"page","link":"http:\/\/www.hannakaisahartala.fi\/?page_id=1877","title":{"rendered":"Tilaa"},"content":{"rendered":"\n<p><strong>Tarvitsetko tekstej\u00e4? Kaipaatko koulutusta? Haaveiletko hartauksista?<\/strong><br><br><strong>Mietitk\u00f6, miten Jumalan rakkautta ja kristillist\u00e4 el\u00e4m\u00e4\u00e4 voisi sanoittaa? <\/strong><br>Selvitet\u00e4\u00e4n ja sovitaan yhdess\u00e4, mink\u00e4laista teksti\u00e4 tarvitset! Olen kirjoittanut mm. kolumneja, hartauksia, haastatteluja, pyhiinvaellusmateriaalia, tarinoita, rukouksia, teologista sis\u00e4lt\u00f6\u00e4, runoja ja laulujen sanoituksia. Yhdess\u00e4 yst\u00e4v\u00e4ni Astan kanssa kirjoitimme my\u00f6s kirjan Keholliseksi luotu. Kurkkaahan <a href=\"https:\/\/www.hannakaisahartala.fi\/?page_id=20\" data-type=\"page\" data-id=\"20\">portfoliooni<\/a>.<\/p>\n\n\n\n<p><strong>Kiinnostaako kokonaisvaltainen kristillisyys?<\/strong> <br>Tampereen NNKY:n kautta teemme Asta Lehtim\u00e4en kanssa erilaisia Keholliseksi luotu -tilaisuuksia. <br>Esim. Keholliseksi luotu -koulutus, on noin nelj\u00e4n tunnin setti (taukoineen), joka sis\u00e4lt\u00e4\u00e4 alustuksia kehollisuuden teologiasta ja turvallisesta kehollisuudesta sek\u00e4 pohdittavia kysymyksi\u00e4, kehollisia harjoitteita ja kehollista rukousta. Keholliseksi luotu retriitin voimme toteuttaa vaikkapa viikonlopun mittaisena irtiottona tai yhden p\u00e4iv\u00e4n kaupunkiretriittin\u00e4. Kysy lis\u00e4\u00e4!<\/p>\n\n\n\n<p><strong>Olen pit\u00e4nyt my\u00f6s teologisia webinaareja<\/strong> <strong>ja puheita<\/strong> <br>mm. teemoista Rauha, Riit\u00e4nk\u00f6? ja Odotus. Opetukseni pohjalla on klassinen kristillinen teologia ja ekumeeninen ajattelu. Nojaan mielell\u00e4ni aiempiin kristittyihin sukupolviin ja heid\u00e4n ajatuksiinsa, mutta pyrin sanoittamaan asioita nykykielelle.<\/p>\n\n\n\n<p><\/p>\n\n\n\n<p><strong>Ota yhteytt\u00e4, niin katsotaan, mit\u00e4 voin tarjota!<br>hkhartala(at)gmail.com<\/strong><\/p>\n\n\n\n<figure class=\"wp-block-image size-full\"><img loading=\"lazy\" decoding=\"async\" width=\"948\" height=\"879\" src=\"http:\/\/www.hannakaisahartala.fi\/wp-content\/uploads\/2023\/09\/Rappusilla-2.jpg\" alt=\"\" class=\"wp-image-1409\" srcset=\"http:\/\/www.hannakaisahartala.fi\/wp-content\/uploads\/2023\/09\/Rappusilla-2.jpg 948w, http:\/\/www.hannakaisahartala.fi\/wp-content\/uploads\/2023\/09\/Rappusilla-2-300x278.jpg 300w, http:\/\/www.hannakaisahartala.fi\/wp-content\/uploads\/2023\/09\/Rappusilla-2-768x712.jpg 768w, http:\/\/www.hannakaisahartala.fi\/wp-content\/uploads\/2023\/09\/Rappusilla-2-237x220.jpg 237w\" sizes=\"auto, (max-width: 948px) 100vw, 948px\" \/><\/figure>\n\n\n\n<p><\/p>\n","protected":false},"excerpt":{"rendered":"<p>Tarvitsetko tekstej\u00e4? Kaipaatko koulutusta? Haaveiletko hartauksista? Mietitk\u00f6, miten Jumalan rakkautta ja kristillist\u00e4 el\u00e4m\u00e4\u00e4 voisi sanoittaa? Selvitet\u00e4\u00e4n ja sovitaan yhdess\u00e4, mink\u00e4laista teksti\u00e4 tarvitset! Olen kirjoittanut mm. kolumneja, hartauksia, haastatteluja, pyhiinvaellusmateriaalia, tarinoita, rukouksia, teologista sis\u00e4lt\u00f6\u00e4, runoja ja laulujen sanoituksia. Yhdess\u00e4 yst\u00e4v\u00e4ni Astan kanssa kirjoitimme my\u00f6s kirjan Keholliseksi luotu. Kurkkaahan portfoliooni. Kiinnostaako kokonaisvaltainen kristillisyys? Tampereen NNKY:n kautta teemme [&hellip;]<\/p>\n","protected":false},"author":1,"featured_media":0,"parent":0,"menu_order":0,"comment_status":"closed","ping_status":"closed","template":"","meta":{"footnotes":""},"class_list":["post-1877","page","type-page","status-publish","hentry"],"_links":{"self":[{"href":"http:\/\/www.hannakaisahartala.fi\/index.php?rest_route=\/wp\/v2\/pages\/1877","targetHints":{"allow":["GET"]}}],"collection":[{"href":"http:\/\/www.hannakaisahartala.fi\/index.php?rest_route=\/wp\/v2\/pages"}],"about":[{"href":"http:\/\/www.hannakaisahartala.fi\/index.php?rest_route=\/wp\/v2\/types\/page"}],"author":[{"embeddable":true,"href":"http:\/\/www.hannakaisahartala.fi\/index.php?rest_route=\/wp\/v2\/users\/1"}],"replies":[{"embeddable":true,"href":"http:\/\/www.hannakaisahartala.fi\/index.php?rest_route=%2Fwp%2Fv2%2Fcomments&post=1877"}],"version-history":[{"count":20,"href":"http:\/\/www.hannakaisahartala.fi\/index.php?rest_route=\/wp\/v2\/pages\/1877\/revisions"}],"predecessor-version":[{"id":2154,"href":"http:\/\/www.hannakaisahartala.fi\/index.php?rest_route=\/wp\/v2\/pages\/1877\/revisions\/2154"}],"wp:attachment":[{"href":"http:\/\/www.hannakaisahartala.fi\/index.php?rest_route=%2Fwp%2Fv2%2Fmedia&parent=1877"}],"curies":[{"name":"wp","href":"https:\/\/api.w.org\/{rel}","templated":true}]}}