{"id":158,"date":"2016-12-12T20:31:20","date_gmt":"2016-12-12T18:31:20","guid":{"rendered":"http:\/\/www.hannakaisahartala.fi\/?page_id=158"},"modified":"2026-01-18T17:41:13","modified_gmt":"2026-01-18T15:41:13","slug":"juuri-nyt","status":"publish","type":"page","link":"http:\/\/www.hannakaisahartala.fi\/?page_id=158","title":{"rendered":"Hanna-Kaisa"},"content":{"rendered":"\n<p><strong>Olen teologi, vaimo ja<\/strong> <strong>&#8221;kissaemo&#8221; sek\u00e4 kirjoittaja ja kouluttaja. Ty\u00f6skentelen my\u00f6s Tampereen NNKY:n osa-aikaisena j\u00e4rjest\u00f6koordinaattorina.<\/strong> <strong>Kun olin nelj\u00e4n vanha, kirjaimet yhdistyiv\u00e4t sanoiksi ja sanat aukenivat maailmoiksi. Siit\u00e4 asti olen uponnut kieleen ja tarinoihin. Viiden ik\u00e4isen\u00e4 aloin kirjoittaa, enk\u00e4 koskaan lopettanut.<\/strong><br><br><strong>Koulutukseni:<br>&#8211; <\/strong>teologian maisteri (Helsingin yliopisto 2015)<br>&#8211; aikuisopettaja (Helsingin yliopisto 2015)<br>&#8211; sosionomi (AMK), jolla on p\u00e4tevyys ev. lut. kirkon diakonian virkaan (DIAK 2001).<br>&#8211; mediatutkimuksen, musiikkitieteen ja taidehistorian perusopinnot (Turun avoin yliopisto 2022)<br>&#8211; suomen kielen perusopinnot (Turun yliopisto 1996)<\/p>\n\n\n\n<figure class=\"wp-block-image size-full\"><img loading=\"lazy\" decoding=\"async\" width=\"699\" height=\"435\" src=\"http:\/\/www.hannakaisahartala.fi\/wp-content\/uploads\/2023\/09\/Olkapaakissa-699x435-1.jpg\" alt=\"\" class=\"wp-image-1415\" srcset=\"http:\/\/www.hannakaisahartala.fi\/wp-content\/uploads\/2023\/09\/Olkapaakissa-699x435-1.jpg 699w, http:\/\/www.hannakaisahartala.fi\/wp-content\/uploads\/2023\/09\/Olkapaakissa-699x435-1-300x187.jpg 300w, http:\/\/www.hannakaisahartala.fi\/wp-content\/uploads\/2023\/09\/Olkapaakissa-699x435-1-354x220.jpg 354w\" sizes=\"auto, (max-width: 699px) 100vw, 699px\" \/><\/figure>\n\n\n\n<p><\/p>\n\n\n\n<p><strong>Kieli<\/strong> on minulle pikemminkin ty\u00f6toveri kuin v\u00e4line. Parhaimmillaan se hengitt\u00e4\u00e4 ja soljuu, on jo itsess\u00e4\u00e4n osa sis\u00e4lt\u00f6\u00e4. Kontekstista riippuen kieleni on kepe\u00e4\u00e4 ja leikkis\u00e4\u00e4, analyyttist\u00e4 ja asiallista tai herkk\u00e4\u00e4 ja runollista. Olen kirjoittanut mm. hartauksia, kolumneja ja haastatteluja kristillisiin lehtiin sek\u00e4 pyhiinvaellusmateriaalia, raamattutarinoita, materiaalia naisten hengellisiin pohdintoihin ja rukouksia. Olen pit\u00e4nyt radiohartauksia, teologisia webinaareja ja puheita.<\/p>\n\n\n\n<p><strong>Kouluttajana<\/strong> tahdon avata ihmisille uusia n\u00e4k\u00f6kulmia tuttuihin asioihin ja rakentaa toivoa sek\u00e4 her\u00e4tt\u00e4\u00e4 innostusta. Toivon ihmisten n\u00e4kev\u00e4n itsens\u00e4 rakastavan Jumalan silmin ja hahmottavan t\u00e4rke\u00e4\u00e4 paikkaansa suuremmassa kokonaisuudessa. Olemme ainutlaatuisia, mutta emme yksin: linkitymme osaksi konkreettista maailmaa ja Jumalan suunnitelmia.<\/p>\n\n\n\n<figure class=\"wp-block-image size-large\"><img loading=\"lazy\" decoding=\"async\" width=\"1024\" height=\"759\" src=\"http:\/\/www.hannakaisahartala.fi\/wp-content\/uploads\/2022\/07\/Me-jaalla-1024x759.jpg\" alt=\"\" class=\"wp-image-889\" srcset=\"http:\/\/www.hannakaisahartala.fi\/wp-content\/uploads\/2022\/07\/Me-jaalla-1024x759.jpg 1024w, http:\/\/www.hannakaisahartala.fi\/wp-content\/uploads\/2022\/07\/Me-jaalla-300x222.jpg 300w, http:\/\/www.hannakaisahartala.fi\/wp-content\/uploads\/2022\/07\/Me-jaalla-768x569.jpg 768w, http:\/\/www.hannakaisahartala.fi\/wp-content\/uploads\/2022\/07\/Me-jaalla-297x220.jpg 297w, http:\/\/www.hannakaisahartala.fi\/wp-content\/uploads\/2022\/07\/Me-jaalla.jpg 1174w\" sizes=\"auto, (max-width: 1024px) 100vw, 1024px\" \/><\/figure>\n\n\n\n<p><\/p>\n\n\n\n<p><strong>Herkkyys<\/strong> on vahvuuteni. Tahdon sanoittaa pyh\u00e4\u00e4 rosoisessa arjessa, antaa levon valua rukoushiljaisuudesta ja vuodenkierron rytmist\u00e4 sanoiksi, ihmisiin. Haluan kirjoittaa ja puhua totta, hyv\u00e4\u00e4 ja kaunista, tehd\u00e4 tarinoita, jotka asettuvat kaipaavaa syd\u00e4nt\u00e4 vasten tai hykerrytt\u00e4v\u00e4t hymyn huulille.<\/p>\n\n\n\n<p><strong>Perussairauteni<\/strong> sek\u00e4 muut terveyshaasteet muistuttavat ihmisen rajallisuudesta, mutta my\u00f6s siit\u00e4, ett\u00e4 kaikessa hauraudessaan el\u00e4m\u00e4 on ihmeellist\u00e4 ja v\u00e4kev\u00e4\u00e4. Valo ja pime\u00e4 virtaavat rinnakkain, muuttuvat maaper\u00e4ksi, jossa moni ajatukseni kypsyy. Siit\u00e4, mit\u00e4 pidet\u00e4\u00e4n heikkoutena voi kasvaa kauneutta.<\/p>\n\n\n\n<p><strong>Juureni<\/strong> ovat syv\u00e4ll\u00e4 v\u00e4kev\u00e4ss\u00e4 mullassa: Jumalan sanassa ja vuosisatojen taa ulottuvassa kristittyjen sukupolvien ketjussa. Kristillisyyteni on ekumeenista. Rakastan teologiaa! Se on mielest\u00e4ni parhaimmillaan p\u00e4\u00e4n ja syd\u00e4men yhteisty\u00f6t\u00e4, \u00e4lyn pyhitt\u00e4mist\u00e4 ja rukousta.<\/p>\n\n\n\n<p><\/p>\n\n\n\n<p><\/p>\n","protected":false},"excerpt":{"rendered":"<p>Olen teologi, vaimo ja &#8221;kissaemo&#8221; sek\u00e4 kirjoittaja ja kouluttaja. Ty\u00f6skentelen my\u00f6s Tampereen NNKY:n osa-aikaisena j\u00e4rjest\u00f6koordinaattorina. Kun olin nelj\u00e4n vanha, kirjaimet yhdistyiv\u00e4t sanoiksi ja sanat aukenivat maailmoiksi. Siit\u00e4 asti olen uponnut kieleen ja tarinoihin. Viiden ik\u00e4isen\u00e4 aloin kirjoittaa, enk\u00e4 koskaan lopettanut. Koulutukseni:&#8211; teologian maisteri (Helsingin yliopisto 2015)&#8211; aikuisopettaja (Helsingin yliopisto 2015)&#8211; sosionomi (AMK), jolla on p\u00e4tevyys [&hellip;]<\/p>\n","protected":false},"author":1,"featured_media":1368,"parent":0,"menu_order":0,"comment_status":"closed","ping_status":"closed","template":"","meta":{"footnotes":""},"class_list":["post-158","page","type-page","status-publish","has-post-thumbnail","hentry"],"_links":{"self":[{"href":"http:\/\/www.hannakaisahartala.fi\/index.php?rest_route=\/wp\/v2\/pages\/158","targetHints":{"allow":["GET"]}}],"collection":[{"href":"http:\/\/www.hannakaisahartala.fi\/index.php?rest_route=\/wp\/v2\/pages"}],"about":[{"href":"http:\/\/www.hannakaisahartala.fi\/index.php?rest_route=\/wp\/v2\/types\/page"}],"author":[{"embeddable":true,"href":"http:\/\/www.hannakaisahartala.fi\/index.php?rest_route=\/wp\/v2\/users\/1"}],"replies":[{"embeddable":true,"href":"http:\/\/www.hannakaisahartala.fi\/index.php?rest_route=%2Fwp%2Fv2%2Fcomments&post=158"}],"version-history":[{"count":156,"href":"http:\/\/www.hannakaisahartala.fi\/index.php?rest_route=\/wp\/v2\/pages\/158\/revisions"}],"predecessor-version":[{"id":2120,"href":"http:\/\/www.hannakaisahartala.fi\/index.php?rest_route=\/wp\/v2\/pages\/158\/revisions\/2120"}],"wp:featuredmedia":[{"embeddable":true,"href":"http:\/\/www.hannakaisahartala.fi\/index.php?rest_route=\/wp\/v2\/media\/1368"}],"wp:attachment":[{"href":"http:\/\/www.hannakaisahartala.fi\/index.php?rest_route=%2Fwp%2Fv2%2Fmedia&parent=158"}],"curies":[{"name":"wp","href":"https:\/\/api.w.org\/{rel}","templated":true}]}}