{"id":141,"date":"2016-12-12T15:05:22","date_gmt":"2016-12-12T13:05:22","guid":{"rendered":"http:\/\/www.hannakaisahartala.fi\/?page_id=141"},"modified":"2026-01-18T18:09:14","modified_gmt":"2026-01-18T16:09:14","slug":"pyha","status":"publish","type":"page","link":"http:\/\/www.hannakaisahartala.fi\/?page_id=141","title":{"rendered":"Pyh\u00e4"},"content":{"rendered":"\n<p><br>Rukoushiljaisuus, kirkkovuoden vaiheet, kaiken l\u00e4vist\u00e4v\u00e4 Jumalan todellisuus, kauneuden v\u00e4kev\u00e4 kieli. Ylistyst\u00e4 tanssiva keho, kokonainen ihminen Luojansa edess\u00e4. Paljasjalkainen Nasaretin mies ja kirkkauden Herra, viini ja leip\u00e4. Usko on salaisuus ja kuitenkin yhdess\u00e4 tallattu tie, uskontunnustuksessa vuosisatojen ajan jaettu.<\/p>\n\n\n\n<p><\/p>\n\n\n\n<p><\/p>\n\n\n<div class=\"wp-block-image\">\n<figure class=\"aligncenter size-full\"><img loading=\"lazy\" decoding=\"async\" width=\"653\" height=\"871\" src=\"http:\/\/www.hannakaisahartala.fi\/wp-content\/uploads\/2022\/07\/Pisara.jpg\" alt=\"\" class=\"wp-image-955\" srcset=\"http:\/\/www.hannakaisahartala.fi\/wp-content\/uploads\/2022\/07\/Pisara.jpg 653w, http:\/\/www.hannakaisahartala.fi\/wp-content\/uploads\/2022\/07\/Pisara-225x300.jpg 225w, http:\/\/www.hannakaisahartala.fi\/wp-content\/uploads\/2022\/07\/Pisara-165x220.jpg 165w\" sizes=\"auto, (max-width: 653px) 100vw, 653px\" \/><\/figure>\n<\/div>\n\n\n<p><\/p>\n","protected":false},"excerpt":{"rendered":"<p>Rukoushiljaisuus, kirkkovuoden vaiheet, kaiken l\u00e4vist\u00e4v\u00e4 Jumalan todellisuus, kauneuden v\u00e4kev\u00e4 kieli. Ylistyst\u00e4 tanssiva keho, kokonainen ihminen Luojansa edess\u00e4. Paljasjalkainen Nasaretin mies ja kirkkauden Herra, viini ja leip\u00e4. Usko on salaisuus ja kuitenkin yhdess\u00e4 tallattu tie, uskontunnustuksessa vuosisatojen ajan jaettu.<\/p>\n","protected":false},"author":1,"featured_media":186,"parent":71,"menu_order":0,"comment_status":"closed","ping_status":"closed","template":"page-templates\/full-width-page.php","meta":{"footnotes":""},"class_list":["post-141","page","type-page","status-publish","has-post-thumbnail","hentry"],"_links":{"self":[{"href":"http:\/\/www.hannakaisahartala.fi\/index.php?rest_route=\/wp\/v2\/pages\/141","targetHints":{"allow":["GET"]}}],"collection":[{"href":"http:\/\/www.hannakaisahartala.fi\/index.php?rest_route=\/wp\/v2\/pages"}],"about":[{"href":"http:\/\/www.hannakaisahartala.fi\/index.php?rest_route=\/wp\/v2\/types\/page"}],"author":[{"embeddable":true,"href":"http:\/\/www.hannakaisahartala.fi\/index.php?rest_route=\/wp\/v2\/users\/1"}],"replies":[{"embeddable":true,"href":"http:\/\/www.hannakaisahartala.fi\/index.php?rest_route=%2Fwp%2Fv2%2Fcomments&post=141"}],"version-history":[{"count":27,"href":"http:\/\/www.hannakaisahartala.fi\/index.php?rest_route=\/wp\/v2\/pages\/141\/revisions"}],"predecessor-version":[{"id":2138,"href":"http:\/\/www.hannakaisahartala.fi\/index.php?rest_route=\/wp\/v2\/pages\/141\/revisions\/2138"}],"up":[{"embeddable":true,"href":"http:\/\/www.hannakaisahartala.fi\/index.php?rest_route=\/wp\/v2\/pages\/71"}],"wp:featuredmedia":[{"embeddable":true,"href":"http:\/\/www.hannakaisahartala.fi\/index.php?rest_route=\/wp\/v2\/media\/186"}],"wp:attachment":[{"href":"http:\/\/www.hannakaisahartala.fi\/index.php?rest_route=%2Fwp%2Fv2%2Fmedia&parent=141"}],"curies":[{"name":"wp","href":"https:\/\/api.w.org\/{rel}","templated":true}]}}