{"id":1399,"date":"2023-09-19T16:05:04","date_gmt":"2023-09-19T13:05:04","guid":{"rendered":"https:\/\/www.hannakaisahartala.fi\/?page_id=1399"},"modified":"2026-04-21T17:35:23","modified_gmt":"2026-04-21T14:35:23","slug":"ajankohtaista","status":"publish","type":"page","link":"http:\/\/www.hannakaisahartala.fi\/?page_id=1399","title":{"rendered":"Ajankohtaista"},"content":{"rendered":"\n<p><strong>Radio Dein hartaus<\/strong><br><a href=\"https:\/\/deiplus.fi\/radiohartaus\/2025-radiohartaus\/luomisvoima-42025\">Luomisvoima<\/a><br><br><strong>Kujalla-podcast<br><\/strong><a href=\"https:\/\/www.youtube.com\/watch?v=LMrKXEWoREA\">Keho muistuttaa ihmisen rajallisuudesta<\/a> <br><br><br><strong>2026<\/strong><\/p>\n\n\n\n<p><strong>La 31.1. klo 15.45 &#8211; 16.45 Kehollinen suru<\/strong><br>Suomen ACC:n XI konferenssi ja koulutustapahtuma, Teopolis, Tampere<br>Asta Lehtim\u00e4ki ja Hanna-Kaisa Hartala<\/p>\n\n\n\n<p><strong>Pe 17.4.-su 19.4. Keholliseksi luotu -retriitti<\/strong><br>Ihminen on kokonaiseksi luotu ja kokonaisena lunastettu. Retriitiss\u00e4 pys\u00e4hdyt\u00e4\u00e4n kehollisen rukouksen, Raamatun tekstien ja hiljaisuuden \u00e4\u00e4relle. Lempe\u00e4t keholliset harjoitteet ja virikepuheet kutsuvat kohti yhteytt\u00e4 itseen, toisiin ja Jumalaan. Ohjaajina Asta Lehtim\u00e4ki ja Hanna-Kaisa Hartala.<br>Retriitti pidet\u00e4\u00e4n Wiisalan kartanossa ja maksuliikenne hoidetaan sen kautta. <br><strong>Early Bird -hinta 1hh 265 \u20ac \/ hl\u00f6 15.2.25 saakka.<\/strong> <strong>16.2.25 l\u00e4htien 310 \u20ac \/ hl\u00f6.<\/strong><br>Lue lis\u00e4\u00e4: <a href=\"https:\/\/wiisala.fi\/tapahtumat\/keholliseksi-luotu\">Keholliseksi luotu -retriitti Wiisalassa huhtikuussa 2026<\/a><br><br><strong>Ke 22.4. ja ke 4.11. Kehollisen rukouksen ohjaaminen -verkkokoulutus<\/strong><br>Voiko Jumalan kohdata kehollaan ja ohjata siihen muita? Kaksiosaisessa koulutuksessa tutustut kristillisen teologian kehollisuuteen sek\u00e4 kokonaisvaltaiseen rukoukseen ja opettelet sen turvallista ohjaamista ryhmille. Kouluttajina Asta Lehtim\u00e4ki (tanssi-liiketerapeutti, TRE\u00ae-ohjaaja, ratkaisukeskeinen ty\u00f6nohjaaja) ja Hanna-Kaisa Hartala (TM, sosionomi (AMK)-diakoni, aikuisopettaja).<br>Koulutus l\u00f6ytyy Kirkon koulutuskalenterista ja sen hinta on 260e.<br>Lue lis\u00e4\u00e4 ja ilmoittaudu: <a href=\"https:\/\/koulutuskalenteri.evl.fi\/kehollisen-rukouksen-ohjaaminen\/\">Kehollisen rukouksen ohjaaminen -verkkokoulutus 2026<\/a><\/p>\n\n\n\n<p><strong>Ke 6.5. klo 17.30-19 Teet\u00e4 ja teologiaa -webinaari: Ikuinen toivo<\/strong><br>Juliana Norwichlainen eli my\u00f6h\u00e4iskeskiajalla monenlaisten haasteiden aikana, mutta h\u00e4nen sanomassaan keskeist\u00e4 on Jumalan rakkaus ja siihen nojaava toivo. Voisiko menneeseen kurkistaminen antaa uusia n\u00e4k\u00f6kulmia t\u00e4h\u00e4n p\u00e4iv\u00e4\u00e4n? Alustaa: teologi Hanna-Kaisa Hartala.<br>Ilmoittautumiset: toimisto@tnnky.fi<br>Webinaari on maksuton.<br><br><\/p>\n\n\n\n<p><br><br><br><br><\/p>\n\n\n\n\n\n<p><br><\/p>\n\n\n\n<p><br><br><strong>AIEMPAA<\/strong><\/p>\n\n\n\n<p><strong>UUTUUSKIRJA: Keholliseksi luotu<\/strong><br>Asta Lehtim\u00e4en ja minun yhteinen kirja <em>Keholliseksi luotu &#8211; ja Jumala n\u00e4ki, ett\u00e4 se oli hyv\u00e4<\/em> (Tampereen NNKY, P\u00e4iv\u00e4 Osakeyhti\u00f6) julkistettiin 25.5.2024. <br><a href=\"https:\/\/www.hannakaisahartala.fi\/?page_id=1281\" data-type=\"page\" data-id=\"1281\">Lis\u00e4tietoja kirjasta Keholliseksi luotu.<\/a><br><br><strong>Luottamus kasvaa kulkiessa -vertaismateriaali<\/strong> <br>julkistettiin Suomen NNKY-liiton j\u00e4rjest\u00f6p\u00e4ivill\u00e4 Lahdessa 7.10.2023.<br>Ty\u00f6kirjan muotoon kirjoittamani materiaali ponnistaa kristilliselt\u00e4 pohjalta. Se on tarkoitettu avuksi hengelliseen pohdintaan, erityisesti naisten ryhmiss\u00e4. S\u00e4hk\u00f6iseen ty\u00f6kirjaan voi tutustua maksutta NNKY-liiton verkkosivuilla <a href=\"https:\/\/ywca.fi\/paikallisyhdistykset\/materiaalipankki\/\">materiaalipankissa<\/a>. <\/p>\n\n\n\n<p><strong>Ensimm\u00e4inen lauluksi p\u00e4\u00e4tynyt sanoitukseni K\u00e4velen jouluun (Sukkasillaan)<\/strong><br>esitettiin Reippahasti jouluun -joulukonsertissa (Teekkarikuoro feat. Aukea Ensemble) <br>Tampereen yliopiston keskustakampuksen juhlasalissa to 12.12.2024<br>Laulun ovat s\u00e4velt\u00e4neet ja sovittaneet Aleksandr Diment ja Sanna Elfving.<\/p>\n\n\n\n<p><\/p>\n\n\n\n<p><br><\/p>\n\n\n\n<p><\/p>\n\n\n\n<p><\/p>\n\n\n\n<p><\/p>\n\n\n\n<p><\/p>\n\n\n\n<p><br><\/p>\n","protected":false},"excerpt":{"rendered":"<p>Radio Dein hartausLuomisvoima Kujalla-podcastKeho muistuttaa ihmisen rajallisuudesta 2026 La 31.1. klo 15.45 &#8211; 16.45 Kehollinen suruSuomen ACC:n XI konferenssi ja koulutustapahtuma, Teopolis, TampereAsta Lehtim\u00e4ki ja Hanna-Kaisa Hartala Pe 17.4.-su 19.4. Keholliseksi luotu -retriittiIhminen on kokonaiseksi luotu ja kokonaisena lunastettu. Retriitiss\u00e4 pys\u00e4hdyt\u00e4\u00e4n kehollisen rukouksen, Raamatun tekstien ja hiljaisuuden \u00e4\u00e4relle. Lempe\u00e4t keholliset harjoitteet ja virikepuheet kutsuvat kohti [&hellip;]<\/p>\n","protected":false},"author":1,"featured_media":1929,"parent":0,"menu_order":0,"comment_status":"closed","ping_status":"closed","template":"","meta":{"footnotes":""},"class_list":["post-1399","page","type-page","status-publish","has-post-thumbnail","hentry"],"_links":{"self":[{"href":"http:\/\/www.hannakaisahartala.fi\/index.php?rest_route=\/wp\/v2\/pages\/1399","targetHints":{"allow":["GET"]}}],"collection":[{"href":"http:\/\/www.hannakaisahartala.fi\/index.php?rest_route=\/wp\/v2\/pages"}],"about":[{"href":"http:\/\/www.hannakaisahartala.fi\/index.php?rest_route=\/wp\/v2\/types\/page"}],"author":[{"embeddable":true,"href":"http:\/\/www.hannakaisahartala.fi\/index.php?rest_route=\/wp\/v2\/users\/1"}],"replies":[{"embeddable":true,"href":"http:\/\/www.hannakaisahartala.fi\/index.php?rest_route=%2Fwp%2Fv2%2Fcomments&post=1399"}],"version-history":[{"count":169,"href":"http:\/\/www.hannakaisahartala.fi\/index.php?rest_route=\/wp\/v2\/pages\/1399\/revisions"}],"predecessor-version":[{"id":2152,"href":"http:\/\/www.hannakaisahartala.fi\/index.php?rest_route=\/wp\/v2\/pages\/1399\/revisions\/2152"}],"wp:featuredmedia":[{"embeddable":true,"href":"http:\/\/www.hannakaisahartala.fi\/index.php?rest_route=\/wp\/v2\/media\/1929"}],"wp:attachment":[{"href":"http:\/\/www.hannakaisahartala.fi\/index.php?rest_route=%2Fwp%2Fv2%2Fmedia&parent=1399"}],"curies":[{"name":"wp","href":"https:\/\/api.w.org\/{rel}","templated":true}]}}